{"id":57,"date":"2023-03-27T15:17:13","date_gmt":"2023-03-27T13:17:13","guid":{"rendered":"http:\/\/geantebelarada.fr\/?page_id=57"},"modified":"2023-10-07T09:40:38","modified_gmt":"2023-10-07T07:40:38","slug":"evenement","status":"publish","type":"page","link":"https:\/\/geantebelarada.fr\/index.php\/evenement\/","title":{"rendered":"Exposition G\u00e9ants"},"content":{"rendered":"<div class=\"wp-block-image\">\n<figure class=\"aligncenter size-large\"><img loading=\"lazy\" decoding=\"async\" width=\"1024\" height=\"723\" src=\"http:\/\/geantebelarada.fr\/wp-content\/uploads\/2023\/06\/hdf-1024x723.jpg\" alt=\"\" class=\"wp-image-343\" srcset=\"https:\/\/geantebelarada.fr\/wp-content\/uploads\/2023\/06\/hdf-1024x723.jpg 1024w, https:\/\/geantebelarada.fr\/wp-content\/uploads\/2023\/06\/hdf-300x212.jpg 300w, https:\/\/geantebelarada.fr\/wp-content\/uploads\/2023\/06\/hdf-768x542.jpg 768w, https:\/\/geantebelarada.fr\/wp-content\/uploads\/2023\/06\/hdf-1536x1084.jpg 1536w, https:\/\/geantebelarada.fr\/wp-content\/uploads\/2023\/06\/hdf-1200x847.jpg 1200w, https:\/\/geantebelarada.fr\/wp-content\/uploads\/2023\/06\/hdf.jpg 1653w\" sizes=\"auto, (max-width: 1024px) 100vw, 1024px\" \/><\/figure>\n<\/div>\n\n\n<p>L\u2019exposition<strong> G\u00e9ants de P\u00e9v\u00e8le Carembault ou d\u2019ailleurs<\/strong> est une exposition itin\u00e9rante \u00e0 installer en int\u00e9rieur, sur grilles standards : entre 8 et 16 grilles n\u00e9cessaires selon une installation en recto\/verso ou en lin\u00e9aire.<br>Temps de montage : entre 1 et 2 heures.<\/p>\n\n\n\n<p class=\"has-text-align-left has-text-color has-background\" style=\"color:#09010b;background:linear-gradient(135deg,rgb(202,248,128) 0%,rgb(33,141,163) 100%)\"><strong>L\u2019exposition  propose un voyage initiatique et didactique au c\u0153ur de la tradition s\u00e9culaire du g\u00e9ant de d\u00e9fi<\/strong>l<strong>\u00e9, tr\u00e8s vivace dans la r\u00e9gion des Hauts de France.<\/strong><br><strong>Elle aborde le sujet sous plusieurs angles&nbsp;:<\/strong><br>    \u25ba <strong>l\u2019aspect patrimonial et historique <\/strong><br>    \u25ba<strong> l\u2019aspect conceptuel en d\u00e9voilant la structure d\u2019un g\u00e9ant dont l\u2019int\u00e9rieur est en principe r\u00e9serv\u00e9 aux porteurs.<\/strong><br>    \u25ba <strong>L\u2019exposition parle \u00e9galement du classement \u00e0 l\u2019UNESCO et d\u00e9voile l\u2019inventaire exhaustif des 35 g\u00e9ants recens\u00e9s fin 2022 dans la Communaut\u00e9 de Communes P\u00e9v\u00e8le Carembault.<\/strong><br><br><strong><strong>Elle se veut une fen\u00eatre ouverte, non scientifique,<\/strong> <strong>destin\u00e9e au grand public et aux scolaires.<\/strong><\/strong><br><strong>Elle pourra \u00e9galement apporter une aide pr\u00e9cieuse et accompagner tout projet de cr\u00e9ation de g\u00e9ant.<\/strong><\/p>\n\n\n\n<p>L&rsquo;exposition comprend :<br>\u2022 2 panneaux affiche et partenaires<br>\u2022 4 panneaux consacr\u00e9s au patrimoine des g\u00e9ants (historique, cat\u00e9gories&#8230;)<br>\u2022 2 panneaux traitant du classement \u00e0 l&rsquo;UNESCO<br>\u2022 4 panneaux consacr\u00e9 \u00e0 l\u2019anatomie d&rsquo;un g\u00e9ant (structure, habillage, portage)<br>\u2022 4 panneaux d\u2019inventaire des 35 g\u00e9ants de la Communaut\u00e9 de Communes P\u00e9v\u00e8le Carembault (dont 2 panneaux Bela Rada).<\/p>\n\n\n\n<p>L&rsquo;exposition peut \u00eatre compl\u00e9t\u00e9e d\u2019un guide (28 pages) de pr\u00e9sentations des 35 g\u00e9ants \u00e0 l\u2019inventaire fin 2022. (Prix public 2 \u20ac &#8211; tarif scolaire 1 \u20ac)<\/p>\n\n\n\n<p class=\"has-larger-font-size\"><strong>TARIF DE LOCATION &#8211; SAISON 202<\/strong>4<br>&#8211; premi\u00e8re semaine : 160 \u20ac (du lundi au lundi, montage et d\u00e9montage par nos soins inclus)<br>&#8211; semaine suppl\u00e9mentaire : 80 \u20ac<br>&#8211; transport pour le montage et le d\u00e9montage : 0,50 \u20ac\/km (2 voyages aller-retour au d\u00e9part d&rsquo;Orchies, g\u00e9ants inclus le cas \u00e9ch\u00e9ant).<br>&#8211; Suppl\u00e9ment pr\u00e9sence de nos g\u00e9ants P&rsquo;tit Jehan et\/ou Bela Rada : 1 g\u00e9ant 150 \u20ac &#8211; 2 g\u00e9ants 250 \u20ac<br>Contact r\u00e9servation : geantebelarada@gmail.com<\/p>\n\n\n\n<p><\/p>\n\n\n\n<figure class=\"wp-block-image alignwide size-large\"><img loading=\"lazy\" decoding=\"async\" width=\"1024\" height=\"692\" src=\"http:\/\/geantebelarada.fr\/wp-content\/uploads\/2023\/03\/flyer-expo-maquette-3-volets-A4-1-1024x692.jpg\" alt=\"\" class=\"wp-image-35\" srcset=\"https:\/\/geantebelarada.fr\/wp-content\/uploads\/2023\/03\/flyer-expo-maquette-3-volets-A4-1-1024x692.jpg 1024w, https:\/\/geantebelarada.fr\/wp-content\/uploads\/2023\/03\/flyer-expo-maquette-3-volets-A4-1-300x203.jpg 300w, https:\/\/geantebelarada.fr\/wp-content\/uploads\/2023\/03\/flyer-expo-maquette-3-volets-A4-1-768x519.jpg 768w, https:\/\/geantebelarada.fr\/wp-content\/uploads\/2023\/03\/flyer-expo-maquette-3-volets-A4-1-1536x1037.jpg 1536w, https:\/\/geantebelarada.fr\/wp-content\/uploads\/2023\/03\/flyer-expo-maquette-3-volets-A4-1-2048x1383.jpg 2048w, https:\/\/geantebelarada.fr\/wp-content\/uploads\/2023\/03\/flyer-expo-maquette-3-volets-A4-1-1200x810.jpg 1200w, https:\/\/geantebelarada.fr\/wp-content\/uploads\/2023\/03\/flyer-expo-maquette-3-volets-A4-1-1980x1337.jpg 1980w\" sizes=\"auto, (max-width: 1024px) 100vw, 1024px\" \/><\/figure>\n\n\n\n<figure class=\"wp-block-image alignwide size-large\"><img loading=\"lazy\" decoding=\"async\" width=\"1024\" height=\"692\" src=\"http:\/\/geantebelarada.fr\/wp-content\/uploads\/2023\/03\/flyer-expo-maquette-3-volets-A4-2-1-1024x692.jpg\" alt=\"\" class=\"wp-image-36\" srcset=\"https:\/\/geantebelarada.fr\/wp-content\/uploads\/2023\/03\/flyer-expo-maquette-3-volets-A4-2-1-1024x692.jpg 1024w, https:\/\/geantebelarada.fr\/wp-content\/uploads\/2023\/03\/flyer-expo-maquette-3-volets-A4-2-1-300x203.jpg 300w, https:\/\/geantebelarada.fr\/wp-content\/uploads\/2023\/03\/flyer-expo-maquette-3-volets-A4-2-1-768x519.jpg 768w, https:\/\/geantebelarada.fr\/wp-content\/uploads\/2023\/03\/flyer-expo-maquette-3-volets-A4-2-1-1536x1037.jpg 1536w, https:\/\/geantebelarada.fr\/wp-content\/uploads\/2023\/03\/flyer-expo-maquette-3-volets-A4-2-1-2048x1383.jpg 2048w, https:\/\/geantebelarada.fr\/wp-content\/uploads\/2023\/03\/flyer-expo-maquette-3-volets-A4-2-1-1200x810.jpg 1200w, https:\/\/geantebelarada.fr\/wp-content\/uploads\/2023\/03\/flyer-expo-maquette-3-volets-A4-2-1-1980x1337.jpg 1980w\" sizes=\"auto, (max-width: 1024px) 100vw, 1024px\" \/><\/figure>\n\n\n\n<figure class=\"wp-block-gallery has-nested-images columns-default is-cropped wp-block-gallery-1 is-layout-flex wp-block-gallery-is-layout-flex\">\n<figure class=\"wp-block-image size-large\"><img loading=\"lazy\" decoding=\"async\" width=\"727\" height=\"1024\" data-id=\"335\" src=\"http:\/\/geantebelarada.fr\/wp-content\/uploads\/2023\/06\/catalogue-5-727x1024.jpg\" alt=\"\" class=\"wp-image-335\" srcset=\"https:\/\/geantebelarada.fr\/wp-content\/uploads\/2023\/06\/catalogue-5-727x1024.jpg 727w, https:\/\/geantebelarada.fr\/wp-content\/uploads\/2023\/06\/catalogue-5-213x300.jpg 213w, https:\/\/geantebelarada.fr\/wp-content\/uploads\/2023\/06\/catalogue-5-768x1082.jpg 768w, https:\/\/geantebelarada.fr\/wp-content\/uploads\/2023\/06\/catalogue-5-1090x1536.jpg 1090w, https:\/\/geantebelarada.fr\/wp-content\/uploads\/2023\/06\/catalogue-5-1454x2048.jpg 1454w, https:\/\/geantebelarada.fr\/wp-content\/uploads\/2023\/06\/catalogue-5-1200x1690.jpg 1200w, https:\/\/geantebelarada.fr\/wp-content\/uploads\/2023\/06\/catalogue-5.jpg 1796w\" sizes=\"auto, (max-width: 727px) 100vw, 727px\" \/><\/figure>\n\n\n\n<figure class=\"wp-block-image size-large\"><img loading=\"lazy\" decoding=\"async\" width=\"727\" height=\"1024\" data-id=\"336\" src=\"http:\/\/geantebelarada.fr\/wp-content\/uploads\/2023\/06\/catalogue-6-727x1024.jpg\" alt=\"\" class=\"wp-image-336\" srcset=\"https:\/\/geantebelarada.fr\/wp-content\/uploads\/2023\/06\/catalogue-6-727x1024.jpg 727w, https:\/\/geantebelarada.fr\/wp-content\/uploads\/2023\/06\/catalogue-6-213x300.jpg 213w, https:\/\/geantebelarada.fr\/wp-content\/uploads\/2023\/06\/catalogue-6-768x1082.jpg 768w, https:\/\/geantebelarada.fr\/wp-content\/uploads\/2023\/06\/catalogue-6-1090x1536.jpg 1090w, https:\/\/geantebelarada.fr\/wp-content\/uploads\/2023\/06\/catalogue-6-1454x2048.jpg 1454w, https:\/\/geantebelarada.fr\/wp-content\/uploads\/2023\/06\/catalogue-6-1200x1690.jpg 1200w, https:\/\/geantebelarada.fr\/wp-content\/uploads\/2023\/06\/catalogue-6.jpg 1796w\" sizes=\"auto, (max-width: 727px) 100vw, 727px\" \/><\/figure>\n\n\n\n<figure class=\"wp-block-image size-large\"><img loading=\"lazy\" decoding=\"async\" width=\"727\" height=\"1024\" data-id=\"338\" src=\"http:\/\/geantebelarada.fr\/wp-content\/uploads\/2023\/06\/catalogue-9-727x1024.jpg\" alt=\"\" class=\"wp-image-338\" srcset=\"https:\/\/geantebelarada.fr\/wp-content\/uploads\/2023\/06\/catalogue-9-727x1024.jpg 727w, https:\/\/geantebelarada.fr\/wp-content\/uploads\/2023\/06\/catalogue-9-213x300.jpg 213w, https:\/\/geantebelarada.fr\/wp-content\/uploads\/2023\/06\/catalogue-9-768x1082.jpg 768w, https:\/\/geantebelarada.fr\/wp-content\/uploads\/2023\/06\/catalogue-9-1090x1536.jpg 1090w, https:\/\/geantebelarada.fr\/wp-content\/uploads\/2023\/06\/catalogue-9-1454x2048.jpg 1454w, https:\/\/geantebelarada.fr\/wp-content\/uploads\/2023\/06\/catalogue-9-1200x1690.jpg 1200w, https:\/\/geantebelarada.fr\/wp-content\/uploads\/2023\/06\/catalogue-9.jpg 1796w\" sizes=\"auto, (max-width: 727px) 100vw, 727px\" \/><\/figure>\n\n\n\n<figure class=\"wp-block-image size-large\"><img loading=\"lazy\" decoding=\"async\" width=\"727\" height=\"1024\" data-id=\"337\" src=\"http:\/\/geantebelarada.fr\/wp-content\/uploads\/2023\/06\/catalogue-1-727x1024.jpg\" alt=\"\" class=\"wp-image-337\" srcset=\"https:\/\/geantebelarada.fr\/wp-content\/uploads\/2023\/06\/catalogue-1-727x1024.jpg 727w, https:\/\/geantebelarada.fr\/wp-content\/uploads\/2023\/06\/catalogue-1-213x300.jpg 213w, https:\/\/geantebelarada.fr\/wp-content\/uploads\/2023\/06\/catalogue-1-768x1082.jpg 768w, https:\/\/geantebelarada.fr\/wp-content\/uploads\/2023\/06\/catalogue-1-1090x1536.jpg 1090w, https:\/\/geantebelarada.fr\/wp-content\/uploads\/2023\/06\/catalogue-1-1454x2048.jpg 1454w, https:\/\/geantebelarada.fr\/wp-content\/uploads\/2023\/06\/catalogue-1-1200x1690.jpg 1200w, https:\/\/geantebelarada.fr\/wp-content\/uploads\/2023\/06\/catalogue-1.jpg 1796w\" sizes=\"auto, (max-width: 727px) 100vw, 727px\" \/><\/figure>\n<\/figure>\n\n\n\n<p><a href=\"https:\/\/geantebelarada.fr\/index.php\/boutique\/\" target=\"_blank\" rel=\"noreferrer noopener\">Livre : Inventaire des G\u00e9ants de P\u00e9v\u00e8le Carembault, disponible sur notre page boutique. <\/a><\/p>\n","protected":false},"excerpt":{"rendered":"<p>L\u2019exposition G\u00e9ants de P\u00e9v\u00e8le Carembault ou d\u2019ailleurs est une exposition itin\u00e9rante \u00e0 installer en int\u00e9rieur, sur grilles standards : entre 8 et 16 grilles n\u00e9cessaires selon une installation en recto\/verso ou en lin\u00e9aire.Temps de montage : entre 1 et 2 heures. L\u2019exposition propose un voyage initiatique et didactique au c\u0153ur de la tradition s\u00e9culaire du [&hellip;]<\/p>\n","protected":false},"author":1,"featured_media":0,"parent":0,"menu_order":0,"comment_status":"closed","ping_status":"closed","template":"","meta":{"footnotes":""},"class_list":["post-57","page","type-page","status-publish","hentry"],"_links":{"self":[{"href":"https:\/\/geantebelarada.fr\/index.php\/wp-json\/wp\/v2\/pages\/57","targetHints":{"allow":["GET"]}}],"collection":[{"href":"https:\/\/geantebelarada.fr\/index.php\/wp-json\/wp\/v2\/pages"}],"about":[{"href":"https:\/\/geantebelarada.fr\/index.php\/wp-json\/wp\/v2\/types\/page"}],"author":[{"embeddable":true,"href":"https:\/\/geantebelarada.fr\/index.php\/wp-json\/wp\/v2\/users\/1"}],"replies":[{"embeddable":true,"href":"https:\/\/geantebelarada.fr\/index.php\/wp-json\/wp\/v2\/comments?post=57"}],"version-history":[{"count":31,"href":"https:\/\/geantebelarada.fr\/index.php\/wp-json\/wp\/v2\/pages\/57\/revisions"}],"predecessor-version":[{"id":378,"href":"https:\/\/geantebelarada.fr\/index.php\/wp-json\/wp\/v2\/pages\/57\/revisions\/378"}],"wp:attachment":[{"href":"https:\/\/geantebelarada.fr\/index.php\/wp-json\/wp\/v2\/media?parent=57"}],"curies":[{"name":"wp","href":"https:\/\/api.w.org\/{rel}","templated":true}]}}