{"id":407,"date":"2025-05-15T11:33:26","date_gmt":"2025-05-15T09:33:26","guid":{"rendered":"https:\/\/geantebelarada.fr\/?page_id=407"},"modified":"2025-11-20T09:58:39","modified_gmt":"2025-11-20T08:58:39","slug":"livre-geants-ptit-jehan-et-bela-rada-leffet-papillon","status":"publish","type":"page","link":"https:\/\/geantebelarada.fr\/index.php\/livre-geants-ptit-jehan-et-bela-rada-leffet-papillon\/","title":{"rendered":"Livre 2026"},"content":{"rendered":"\n<h2 class=\"wp-block-heading alignwide\">P\u2019tit Jehan et Bela Rada &#8211; l\u2019effet papillon<\/h2>\n\n\n\n<figure data-wp-context=\"{&quot;imageId&quot;:&quot;69e804e4db9ff&quot;}\" data-wp-interactive=\"core\/image\" data-wp-key=\"69e804e4db9ff\" class=\"wp-block-image size-large wp-lightbox-container\"><img loading=\"lazy\" decoding=\"async\" width=\"729\" height=\"1024\" data-wp-class--hide=\"state.isContentHidden\" data-wp-class--show=\"state.isContentVisible\" data-wp-init=\"callbacks.setButtonStyles\" data-wp-on--click=\"actions.showLightbox\" data-wp-on--load=\"callbacks.setButtonStyles\" data-wp-on-window--resize=\"callbacks.setButtonStyles\" src=\"https:\/\/geantebelarada.fr\/wp-content\/uploads\/2025\/05\/communique-729x1024.jpg\" alt=\"\" class=\"wp-image-412\" srcset=\"https:\/\/geantebelarada.fr\/wp-content\/uploads\/2025\/05\/communique-729x1024.jpg 729w, https:\/\/geantebelarada.fr\/wp-content\/uploads\/2025\/05\/communique-214x300.jpg 214w, https:\/\/geantebelarada.fr\/wp-content\/uploads\/2025\/05\/communique-768x1079.jpg 768w, https:\/\/geantebelarada.fr\/wp-content\/uploads\/2025\/05\/communique-1093x1536.jpg 1093w, https:\/\/geantebelarada.fr\/wp-content\/uploads\/2025\/05\/communique-1458x2048.jpg 1458w, https:\/\/geantebelarada.fr\/wp-content\/uploads\/2025\/05\/communique-1200x1686.jpg 1200w, https:\/\/geantebelarada.fr\/wp-content\/uploads\/2025\/05\/communique-1980x2782.jpg 1980w, https:\/\/geantebelarada.fr\/wp-content\/uploads\/2025\/05\/communique-scaled.jpg 1822w\" sizes=\"auto, (max-width: 729px) 100vw, 729px\" \/><button\n\t\t\tclass=\"lightbox-trigger\"\n\t\t\ttype=\"button\"\n\t\t\taria-haspopup=\"dialog\"\n\t\t\taria-label=\"Agrandir\"\n\t\t\tdata-wp-init=\"callbacks.initTriggerButton\"\n\t\t\tdata-wp-on--click=\"actions.showLightbox\"\n\t\t\tdata-wp-style--right=\"state.imageButtonRight\"\n\t\t\tdata-wp-style--top=\"state.imageButtonTop\"\n\t\t>\n\t\t\t<svg xmlns=\"http:\/\/www.w3.org\/2000\/svg\" width=\"12\" height=\"12\" fill=\"none\" viewBox=\"0 0 12 12\">\n\t\t\t\t<path fill=\"#fff\" d=\"M2 0a2 2 0 0 0-2 2v2h1.5V2a.5.5 0 0 1 .5-.5h2V0H2Zm2 10.5H2a.5.5 0 0 1-.5-.5V8H0v2a2 2 0 0 0 2 2h2v-1.5ZM8 12v-1.5h2a.5.5 0 0 0 .5-.5V8H12v2a2 2 0 0 1-2 2H8Zm2-12a2 2 0 0 1 2 2v2h-1.5V2a.5.5 0 0 0-.5-.5H8V0h2Z\" \/>\n\t\t\t<\/svg>\n\t\t<\/button><\/figure>\n\n\n\n<figure class=\"wp-block-image size-large\"><img loading=\"lazy\" decoding=\"async\" width=\"754\" height=\"1024\" src=\"https:\/\/geantebelarada.fr\/wp-content\/uploads\/2025\/11\/livre-et-medailles-754x1024.jpg\" alt=\"\" class=\"wp-image-483\" srcset=\"https:\/\/geantebelarada.fr\/wp-content\/uploads\/2025\/11\/livre-et-medailles-754x1024.jpg 754w, https:\/\/geantebelarada.fr\/wp-content\/uploads\/2025\/11\/livre-et-medailles-221x300.jpg 221w, https:\/\/geantebelarada.fr\/wp-content\/uploads\/2025\/11\/livre-et-medailles-768x1043.jpg 768w, https:\/\/geantebelarada.fr\/wp-content\/uploads\/2025\/11\/livre-et-medailles-1131x1536.jpg 1131w, https:\/\/geantebelarada.fr\/wp-content\/uploads\/2025\/11\/livre-et-medailles-1200x1630.jpg 1200w, https:\/\/geantebelarada.fr\/wp-content\/uploads\/2025\/11\/livre-et-medailles.jpg 1417w\" sizes=\"auto, (max-width: 754px) 100vw, 754px\" \/><\/figure>\n\n\n\n<p>Le livre est disponible \u00e0 la Librairie ind\u00e9pendante : <\/p>\n\n\n\n<p><strong>Atelier Livres<\/strong><\/p>\n\n\n\n<p><strong>12 Place Gambetta, Orchies, France<\/strong><\/p>\n\n\n\n<p>jusqu&rsquo;\u00e0 No\u00ebl 2 m\u00e9dailles monnaie de Paris offertes M. et Mme Gayant pour chaque livre.<\/p>\n\n\n\n<p><a href=\"https:\/\/www.facebook.com\/profile.php?id=100093582471061&amp;locale=fr_FR\">https:\/\/www.facebook.com\/profile.php?id=100093582471061&amp;locale=fr_FR<\/a><\/p>\n\n\n\n<figure class=\"wp-block-image size-large is-resized\"><img loading=\"lazy\" decoding=\"async\" width=\"1024\" height=\"762\" src=\"https:\/\/geantebelarada.fr\/wp-content\/uploads\/2025\/11\/Atelier-du-livre-1024x762.png\" alt=\"\" class=\"wp-image-481\" style=\"width:506px;height:auto\" srcset=\"https:\/\/geantebelarada.fr\/wp-content\/uploads\/2025\/11\/Atelier-du-livre-1024x762.png 1024w, https:\/\/geantebelarada.fr\/wp-content\/uploads\/2025\/11\/Atelier-du-livre-300x223.png 300w, https:\/\/geantebelarada.fr\/wp-content\/uploads\/2025\/11\/Atelier-du-livre-768x572.png 768w, https:\/\/geantebelarada.fr\/wp-content\/uploads\/2025\/11\/Atelier-du-livre-1200x893.png 1200w, https:\/\/geantebelarada.fr\/wp-content\/uploads\/2025\/11\/Atelier-du-livre.png 1306w\" sizes=\"auto, (max-width: 1024px) 100vw, 1024px\" \/><\/figure>\n\n\n\n<h2 class=\"wp-block-heading alignwide\">Balade \u00e0 livre ouvert &#8211; R\u00e9\u00e9dition 2025<\/h2>\n\n\n\n<p>Extraits<\/p>\n\n\n\n<div class=\"wp-block-group\"><div class=\"wp-block-group__inner-container is-layout-constrained wp-block-group-is-layout-constrained\">\n<figure class=\"wp-block-image size-large is-style-default\"><img loading=\"lazy\" decoding=\"async\" width=\"1024\" height=\"724\" src=\"https:\/\/geantebelarada.fr\/wp-content\/uploads\/2025\/07\/1-1024x724.jpg\" alt=\"\" class=\"wp-image-454\" srcset=\"https:\/\/geantebelarada.fr\/wp-content\/uploads\/2025\/07\/1-1024x724.jpg 1024w, https:\/\/geantebelarada.fr\/wp-content\/uploads\/2025\/07\/1-300x212.jpg 300w, https:\/\/geantebelarada.fr\/wp-content\/uploads\/2025\/07\/1-768x543.jpg 768w, https:\/\/geantebelarada.fr\/wp-content\/uploads\/2025\/07\/1-1536x1086.jpg 1536w, https:\/\/geantebelarada.fr\/wp-content\/uploads\/2025\/07\/1-2048x1447.jpg 2048w, https:\/\/geantebelarada.fr\/wp-content\/uploads\/2025\/07\/1-1200x848.jpg 1200w, https:\/\/geantebelarada.fr\/wp-content\/uploads\/2025\/07\/1-1980x1399.jpg 1980w\" sizes=\"auto, (max-width: 1024px) 100vw, 1024px\" \/><\/figure>\n\n\n\n<figure class=\"wp-block-image size-large\"><img loading=\"lazy\" decoding=\"async\" width=\"1024\" height=\"724\" src=\"https:\/\/geantebelarada.fr\/wp-content\/uploads\/2025\/07\/2-1-1024x724.jpg\" alt=\"\" class=\"wp-image-451\" srcset=\"https:\/\/geantebelarada.fr\/wp-content\/uploads\/2025\/07\/2-1-1024x724.jpg 1024w, https:\/\/geantebelarada.fr\/wp-content\/uploads\/2025\/07\/2-1-300x212.jpg 300w, https:\/\/geantebelarada.fr\/wp-content\/uploads\/2025\/07\/2-1-768x543.jpg 768w, https:\/\/geantebelarada.fr\/wp-content\/uploads\/2025\/07\/2-1-1536x1086.jpg 1536w, https:\/\/geantebelarada.fr\/wp-content\/uploads\/2025\/07\/2-1-2048x1447.jpg 2048w, https:\/\/geantebelarada.fr\/wp-content\/uploads\/2025\/07\/2-1-1200x848.jpg 1200w, https:\/\/geantebelarada.fr\/wp-content\/uploads\/2025\/07\/2-1-1980x1399.jpg 1980w\" sizes=\"auto, (max-width: 1024px) 100vw, 1024px\" \/><\/figure>\n\n\n\n<figure class=\"wp-block-image size-large\"><img loading=\"lazy\" decoding=\"async\" width=\"1024\" height=\"724\" src=\"https:\/\/geantebelarada.fr\/wp-content\/uploads\/2025\/07\/3-3-1024x724.jpg\" alt=\"\" class=\"wp-image-455\" srcset=\"https:\/\/geantebelarada.fr\/wp-content\/uploads\/2025\/07\/3-3-1024x724.jpg 1024w, https:\/\/geantebelarada.fr\/wp-content\/uploads\/2025\/07\/3-3-300x212.jpg 300w, https:\/\/geantebelarada.fr\/wp-content\/uploads\/2025\/07\/3-3-768x543.jpg 768w, https:\/\/geantebelarada.fr\/wp-content\/uploads\/2025\/07\/3-3-1536x1086.jpg 1536w, https:\/\/geantebelarada.fr\/wp-content\/uploads\/2025\/07\/3-3-2048x1447.jpg 2048w, https:\/\/geantebelarada.fr\/wp-content\/uploads\/2025\/07\/3-3-1200x848.jpg 1200w, https:\/\/geantebelarada.fr\/wp-content\/uploads\/2025\/07\/3-3-1980x1399.jpg 1980w\" sizes=\"auto, (max-width: 1024px) 100vw, 1024px\" \/><\/figure>\n\n\n\n<figure class=\"wp-block-image size-large\"><img loading=\"lazy\" decoding=\"async\" width=\"1024\" height=\"724\" src=\"https:\/\/geantebelarada.fr\/wp-content\/uploads\/2025\/07\/4-2-1024x724.jpg\" alt=\"\" class=\"wp-image-452\" srcset=\"https:\/\/geantebelarada.fr\/wp-content\/uploads\/2025\/07\/4-2-1024x724.jpg 1024w, https:\/\/geantebelarada.fr\/wp-content\/uploads\/2025\/07\/4-2-300x212.jpg 300w, https:\/\/geantebelarada.fr\/wp-content\/uploads\/2025\/07\/4-2-768x543.jpg 768w, https:\/\/geantebelarada.fr\/wp-content\/uploads\/2025\/07\/4-2-1536x1086.jpg 1536w, https:\/\/geantebelarada.fr\/wp-content\/uploads\/2025\/07\/4-2-2048x1447.jpg 2048w, https:\/\/geantebelarada.fr\/wp-content\/uploads\/2025\/07\/4-2-1200x848.jpg 1200w, https:\/\/geantebelarada.fr\/wp-content\/uploads\/2025\/07\/4-2-1980x1399.jpg 1980w\" sizes=\"auto, (max-width: 1024px) 100vw, 1024px\" \/><\/figure>\n\n\n\n<figure class=\"wp-block-image size-large\"><img loading=\"lazy\" decoding=\"async\" width=\"1024\" height=\"724\" src=\"https:\/\/geantebelarada.fr\/wp-content\/uploads\/2025\/07\/5-1024x724.jpg\" alt=\"\" class=\"wp-image-453\" srcset=\"https:\/\/geantebelarada.fr\/wp-content\/uploads\/2025\/07\/5-1024x724.jpg 1024w, https:\/\/geantebelarada.fr\/wp-content\/uploads\/2025\/07\/5-300x212.jpg 300w, https:\/\/geantebelarada.fr\/wp-content\/uploads\/2025\/07\/5-768x543.jpg 768w, https:\/\/geantebelarada.fr\/wp-content\/uploads\/2025\/07\/5-1536x1086.jpg 1536w, https:\/\/geantebelarada.fr\/wp-content\/uploads\/2025\/07\/5-2048x1447.jpg 2048w, https:\/\/geantebelarada.fr\/wp-content\/uploads\/2025\/07\/5-1200x848.jpg 1200w, https:\/\/geantebelarada.fr\/wp-content\/uploads\/2025\/07\/5-1980x1399.jpg 1980w\" sizes=\"auto, (max-width: 1024px) 100vw, 1024px\" \/><\/figure>\n\n\n\n<figure class=\"wp-block-image size-large\"><img loading=\"lazy\" decoding=\"async\" width=\"1024\" height=\"724\" src=\"https:\/\/geantebelarada.fr\/wp-content\/uploads\/2025\/07\/6-1024x724.jpg\" alt=\"\" class=\"wp-image-456\" srcset=\"https:\/\/geantebelarada.fr\/wp-content\/uploads\/2025\/07\/6-1024x724.jpg 1024w, https:\/\/geantebelarada.fr\/wp-content\/uploads\/2025\/07\/6-300x212.jpg 300w, https:\/\/geantebelarada.fr\/wp-content\/uploads\/2025\/07\/6-768x543.jpg 768w, https:\/\/geantebelarada.fr\/wp-content\/uploads\/2025\/07\/6-1536x1086.jpg 1536w, https:\/\/geantebelarada.fr\/wp-content\/uploads\/2025\/07\/6-2048x1447.jpg 2048w, https:\/\/geantebelarada.fr\/wp-content\/uploads\/2025\/07\/6-1200x848.jpg 1200w, https:\/\/geantebelarada.fr\/wp-content\/uploads\/2025\/07\/6-1980x1399.jpg 1980w\" sizes=\"auto, (max-width: 1024px) 100vw, 1024px\" \/><\/figure>\n<\/div><\/div>\n\n\n\n<figure class=\"wp-block-image size-large\"><img loading=\"lazy\" decoding=\"async\" width=\"1024\" height=\"724\" src=\"https:\/\/geantebelarada.fr\/wp-content\/uploads\/2025\/07\/7-1-1024x724.jpg\" alt=\"\" class=\"wp-image-461\" srcset=\"https:\/\/geantebelarada.fr\/wp-content\/uploads\/2025\/07\/7-1-1024x724.jpg 1024w, https:\/\/geantebelarada.fr\/wp-content\/uploads\/2025\/07\/7-1-300x212.jpg 300w, https:\/\/geantebelarada.fr\/wp-content\/uploads\/2025\/07\/7-1-768x543.jpg 768w, https:\/\/geantebelarada.fr\/wp-content\/uploads\/2025\/07\/7-1-1536x1086.jpg 1536w, https:\/\/geantebelarada.fr\/wp-content\/uploads\/2025\/07\/7-1-2048x1447.jpg 2048w, https:\/\/geantebelarada.fr\/wp-content\/uploads\/2025\/07\/7-1-1200x848.jpg 1200w, https:\/\/geantebelarada.fr\/wp-content\/uploads\/2025\/07\/7-1-1980x1399.jpg 1980w\" sizes=\"auto, (max-width: 1024px) 100vw, 1024px\" \/><\/figure>\n\n\n\n<figure class=\"wp-block-image size-large\"><img loading=\"lazy\" decoding=\"async\" width=\"1024\" height=\"724\" src=\"https:\/\/geantebelarada.fr\/wp-content\/uploads\/2025\/08\/8-1024x724.jpg\" alt=\"\" class=\"wp-image-463\" srcset=\"https:\/\/geantebelarada.fr\/wp-content\/uploads\/2025\/08\/8-1024x724.jpg 1024w, https:\/\/geantebelarada.fr\/wp-content\/uploads\/2025\/08\/8-300x212.jpg 300w, https:\/\/geantebelarada.fr\/wp-content\/uploads\/2025\/08\/8-768x543.jpg 768w, https:\/\/geantebelarada.fr\/wp-content\/uploads\/2025\/08\/8-1536x1086.jpg 1536w, https:\/\/geantebelarada.fr\/wp-content\/uploads\/2025\/08\/8-2048x1447.jpg 2048w, https:\/\/geantebelarada.fr\/wp-content\/uploads\/2025\/08\/8-1200x848.jpg 1200w, https:\/\/geantebelarada.fr\/wp-content\/uploads\/2025\/08\/8-1980x1399.jpg 1980w\" sizes=\"auto, (max-width: 1024px) 100vw, 1024px\" \/><\/figure>\n\n\n\n<figure class=\"wp-block-image size-large\"><img loading=\"lazy\" decoding=\"async\" width=\"1024\" height=\"724\" src=\"https:\/\/geantebelarada.fr\/wp-content\/uploads\/2025\/08\/9-1024x724.jpg\" alt=\"\" class=\"wp-image-465\" srcset=\"https:\/\/geantebelarada.fr\/wp-content\/uploads\/2025\/08\/9-1024x724.jpg 1024w, https:\/\/geantebelarada.fr\/wp-content\/uploads\/2025\/08\/9-300x212.jpg 300w, https:\/\/geantebelarada.fr\/wp-content\/uploads\/2025\/08\/9-768x543.jpg 768w, https:\/\/geantebelarada.fr\/wp-content\/uploads\/2025\/08\/9-1536x1086.jpg 1536w, https:\/\/geantebelarada.fr\/wp-content\/uploads\/2025\/08\/9-2048x1447.jpg 2048w, https:\/\/geantebelarada.fr\/wp-content\/uploads\/2025\/08\/9-1200x848.jpg 1200w, https:\/\/geantebelarada.fr\/wp-content\/uploads\/2025\/08\/9-1980x1399.jpg 1980w\" sizes=\"auto, (max-width: 1024px) 100vw, 1024px\" \/><\/figure>\n\n\n\n<figure class=\"wp-block-image size-large\"><img loading=\"lazy\" decoding=\"async\" width=\"1024\" height=\"724\" src=\"https:\/\/geantebelarada.fr\/wp-content\/uploads\/2025\/09\/10-1024x724.jpg\" alt=\"\" class=\"wp-image-469\" srcset=\"https:\/\/geantebelarada.fr\/wp-content\/uploads\/2025\/09\/10-1024x724.jpg 1024w, https:\/\/geantebelarada.fr\/wp-content\/uploads\/2025\/09\/10-300x212.jpg 300w, https:\/\/geantebelarada.fr\/wp-content\/uploads\/2025\/09\/10-768x543.jpg 768w, https:\/\/geantebelarada.fr\/wp-content\/uploads\/2025\/09\/10-1536x1086.jpg 1536w, https:\/\/geantebelarada.fr\/wp-content\/uploads\/2025\/09\/10-2048x1447.jpg 2048w, https:\/\/geantebelarada.fr\/wp-content\/uploads\/2025\/09\/10-1200x848.jpg 1200w, https:\/\/geantebelarada.fr\/wp-content\/uploads\/2025\/09\/10-1980x1399.jpg 1980w\" sizes=\"auto, (max-width: 1024px) 100vw, 1024px\" \/><\/figure>\n\n\n\n<figure class=\"wp-block-image size-large\"><img loading=\"lazy\" decoding=\"async\" width=\"1024\" height=\"724\" src=\"https:\/\/geantebelarada.fr\/wp-content\/uploads\/2025\/11\/11-1024x724.jpg\" alt=\"\" class=\"wp-image-473\" srcset=\"https:\/\/geantebelarada.fr\/wp-content\/uploads\/2025\/11\/11-1024x724.jpg 1024w, https:\/\/geantebelarada.fr\/wp-content\/uploads\/2025\/11\/11-300x212.jpg 300w, https:\/\/geantebelarada.fr\/wp-content\/uploads\/2025\/11\/11-768x543.jpg 768w, https:\/\/geantebelarada.fr\/wp-content\/uploads\/2025\/11\/11-1536x1086.jpg 1536w, https:\/\/geantebelarada.fr\/wp-content\/uploads\/2025\/11\/11-2048x1447.jpg 2048w, https:\/\/geantebelarada.fr\/wp-content\/uploads\/2025\/11\/11-1200x848.jpg 1200w, https:\/\/geantebelarada.fr\/wp-content\/uploads\/2025\/11\/11-1980x1399.jpg 1980w\" sizes=\"auto, (max-width: 1024px) 100vw, 1024px\" \/><\/figure>\n\n\n\n<figure class=\"wp-block-image size-large\"><img loading=\"lazy\" decoding=\"async\" width=\"1024\" height=\"724\" src=\"https:\/\/geantebelarada.fr\/wp-content\/uploads\/2025\/11\/12-1024x724.jpg\" alt=\"\" class=\"wp-image-474\" srcset=\"https:\/\/geantebelarada.fr\/wp-content\/uploads\/2025\/11\/12-1024x724.jpg 1024w, https:\/\/geantebelarada.fr\/wp-content\/uploads\/2025\/11\/12-300x212.jpg 300w, https:\/\/geantebelarada.fr\/wp-content\/uploads\/2025\/11\/12-768x543.jpg 768w, https:\/\/geantebelarada.fr\/wp-content\/uploads\/2025\/11\/12-1536x1086.jpg 1536w, https:\/\/geantebelarada.fr\/wp-content\/uploads\/2025\/11\/12-2048x1447.jpg 2048w, https:\/\/geantebelarada.fr\/wp-content\/uploads\/2025\/11\/12-1200x848.jpg 1200w, https:\/\/geantebelarada.fr\/wp-content\/uploads\/2025\/11\/12-1980x1399.jpg 1980w\" sizes=\"auto, (max-width: 1024px) 100vw, 1024px\" \/><\/figure>\n\n\n\n<figure class=\"wp-block-image size-large\"><img loading=\"lazy\" decoding=\"async\" width=\"1024\" height=\"724\" src=\"https:\/\/geantebelarada.fr\/wp-content\/uploads\/2025\/11\/13-1024x724.jpg\" alt=\"\" class=\"wp-image-476\" srcset=\"https:\/\/geantebelarada.fr\/wp-content\/uploads\/2025\/11\/13-1024x724.jpg 1024w, https:\/\/geantebelarada.fr\/wp-content\/uploads\/2025\/11\/13-300x212.jpg 300w, https:\/\/geantebelarada.fr\/wp-content\/uploads\/2025\/11\/13-768x543.jpg 768w, https:\/\/geantebelarada.fr\/wp-content\/uploads\/2025\/11\/13-1536x1086.jpg 1536w, https:\/\/geantebelarada.fr\/wp-content\/uploads\/2025\/11\/13-2048x1447.jpg 2048w, https:\/\/geantebelarada.fr\/wp-content\/uploads\/2025\/11\/13-1200x848.jpg 1200w, https:\/\/geantebelarada.fr\/wp-content\/uploads\/2025\/11\/13-1980x1399.jpg 1980w\" sizes=\"auto, (max-width: 1024px) 100vw, 1024px\" \/><\/figure>\n\n\n\n<figure class=\"wp-block-image size-large\"><img loading=\"lazy\" decoding=\"async\" width=\"1024\" height=\"724\" src=\"https:\/\/geantebelarada.fr\/wp-content\/uploads\/2025\/11\/14-1024x724.jpg\" alt=\"\" class=\"wp-image-477\" srcset=\"https:\/\/geantebelarada.fr\/wp-content\/uploads\/2025\/11\/14-1024x724.jpg 1024w, https:\/\/geantebelarada.fr\/wp-content\/uploads\/2025\/11\/14-300x212.jpg 300w, https:\/\/geantebelarada.fr\/wp-content\/uploads\/2025\/11\/14-768x543.jpg 768w, https:\/\/geantebelarada.fr\/wp-content\/uploads\/2025\/11\/14-1536x1086.jpg 1536w, https:\/\/geantebelarada.fr\/wp-content\/uploads\/2025\/11\/14-2048x1447.jpg 2048w, https:\/\/geantebelarada.fr\/wp-content\/uploads\/2025\/11\/14-1200x848.jpg 1200w, https:\/\/geantebelarada.fr\/wp-content\/uploads\/2025\/11\/14-1980x1399.jpg 1980w\" sizes=\"auto, (max-width: 1024px) 100vw, 1024px\" \/><\/figure>\n\n\n\n<figure class=\"wp-block-image size-large\"><img loading=\"lazy\" decoding=\"async\" width=\"1024\" height=\"724\" src=\"https:\/\/geantebelarada.fr\/wp-content\/uploads\/2025\/11\/15-1-1024x724.jpg\" alt=\"\" class=\"wp-image-478\" srcset=\"https:\/\/geantebelarada.fr\/wp-content\/uploads\/2025\/11\/15-1-1024x724.jpg 1024w, https:\/\/geantebelarada.fr\/wp-content\/uploads\/2025\/11\/15-1-300x212.jpg 300w, https:\/\/geantebelarada.fr\/wp-content\/uploads\/2025\/11\/15-1-768x543.jpg 768w, https:\/\/geantebelarada.fr\/wp-content\/uploads\/2025\/11\/15-1-1536x1086.jpg 1536w, https:\/\/geantebelarada.fr\/wp-content\/uploads\/2025\/11\/15-1-2048x1447.jpg 2048w, https:\/\/geantebelarada.fr\/wp-content\/uploads\/2025\/11\/15-1-1200x848.jpg 1200w, https:\/\/geantebelarada.fr\/wp-content\/uploads\/2025\/11\/15-1-1980x1399.jpg 1980w\" sizes=\"auto, (max-width: 1024px) 100vw, 1024px\" \/><\/figure>\n\n\n\n<figure class=\"wp-block-image size-large\"><img loading=\"lazy\" decoding=\"async\" width=\"1024\" height=\"724\" src=\"https:\/\/geantebelarada.fr\/wp-content\/uploads\/2025\/11\/16-1024x724.jpg\" alt=\"\" class=\"wp-image-485\" srcset=\"https:\/\/geantebelarada.fr\/wp-content\/uploads\/2025\/11\/16-1024x724.jpg 1024w, https:\/\/geantebelarada.fr\/wp-content\/uploads\/2025\/11\/16-300x212.jpg 300w, https:\/\/geantebelarada.fr\/wp-content\/uploads\/2025\/11\/16-768x543.jpg 768w, https:\/\/geantebelarada.fr\/wp-content\/uploads\/2025\/11\/16-1536x1086.jpg 1536w, https:\/\/geantebelarada.fr\/wp-content\/uploads\/2025\/11\/16-2048x1447.jpg 2048w, https:\/\/geantebelarada.fr\/wp-content\/uploads\/2025\/11\/16-1200x848.jpg 1200w, https:\/\/geantebelarada.fr\/wp-content\/uploads\/2025\/11\/16-1980x1399.jpg 1980w\" sizes=\"auto, (max-width: 1024px) 100vw, 1024px\" \/><\/figure>\n","protected":false},"excerpt":{"rendered":"<p>P\u2019tit Jehan et Bela Rada &#8211; l\u2019effet papillon Le livre est disponible \u00e0 la Librairie ind\u00e9pendante : Atelier Livres 12 Place Gambetta, Orchies, France jusqu&rsquo;\u00e0 No\u00ebl 2 m\u00e9dailles monnaie de Paris offertes M. et Mme Gayant pour chaque livre. https:\/\/www.facebook.com\/profile.php?id=100093582471061&amp;locale=fr_FR Balade \u00e0 livre ouvert &#8211; R\u00e9\u00e9dition 2025 Extraits<\/p>\n","protected":false},"author":1,"featured_media":0,"parent":0,"menu_order":0,"comment_status":"closed","ping_status":"closed","template":"","meta":{"footnotes":""},"class_list":["post-407","page","type-page","status-publish","hentry"],"_links":{"self":[{"href":"https:\/\/geantebelarada.fr\/index.php\/wp-json\/wp\/v2\/pages\/407","targetHints":{"allow":["GET"]}}],"collection":[{"href":"https:\/\/geantebelarada.fr\/index.php\/wp-json\/wp\/v2\/pages"}],"about":[{"href":"https:\/\/geantebelarada.fr\/index.php\/wp-json\/wp\/v2\/types\/page"}],"author":[{"embeddable":true,"href":"https:\/\/geantebelarada.fr\/index.php\/wp-json\/wp\/v2\/users\/1"}],"replies":[{"embeddable":true,"href":"https:\/\/geantebelarada.fr\/index.php\/wp-json\/wp\/v2\/comments?post=407"}],"version-history":[{"count":32,"href":"https:\/\/geantebelarada.fr\/index.php\/wp-json\/wp\/v2\/pages\/407\/revisions"}],"predecessor-version":[{"id":486,"href":"https:\/\/geantebelarada.fr\/index.php\/wp-json\/wp\/v2\/pages\/407\/revisions\/486"}],"wp:attachment":[{"href":"https:\/\/geantebelarada.fr\/index.php\/wp-json\/wp\/v2\/media?parent=407"}],"curies":[{"name":"wp","href":"https:\/\/api.w.org\/{rel}","templated":true}]}}