{"id":393,"date":"2025-04-04T11:49:15","date_gmt":"2025-04-04T09:49:15","guid":{"rendered":"https:\/\/geantebelarada.fr\/?page_id=393"},"modified":"2025-04-04T11:49:15","modified_gmt":"2025-04-04T09:49:15","slug":"histoire","status":"publish","type":"page","link":"https:\/\/geantebelarada.fr\/index.php\/histoire\/","title":{"rendered":"Histoire"},"content":{"rendered":"\n<figure class=\"wp-block-image size-large\"><img loading=\"lazy\" decoding=\"async\" width=\"1024\" height=\"493\" src=\"http:\/\/geantebelarada.fr\/wp-content\/uploads\/2023\/04\/bandeau-1024x493.jpg\" alt=\"\" class=\"wp-image-121\" srcset=\"https:\/\/geantebelarada.fr\/wp-content\/uploads\/2023\/04\/bandeau-1024x493.jpg 1024w, https:\/\/geantebelarada.fr\/wp-content\/uploads\/2023\/04\/bandeau-300x144.jpg 300w, https:\/\/geantebelarada.fr\/wp-content\/uploads\/2023\/04\/bandeau-768x369.jpg 768w, https:\/\/geantebelarada.fr\/wp-content\/uploads\/2023\/04\/bandeau-1536x739.jpg 1536w, https:\/\/geantebelarada.fr\/wp-content\/uploads\/2023\/04\/bandeau-2048x985.jpg 2048w, https:\/\/geantebelarada.fr\/wp-content\/uploads\/2023\/04\/bandeau-1200x577.jpg 1200w, https:\/\/geantebelarada.fr\/wp-content\/uploads\/2023\/04\/bandeau-1980x953.jpg 1980w\" sizes=\"auto, (max-width: 1024px) 100vw, 1024px\" \/><\/figure>\n\n\n\n<p>L\u2019association a \u00e9t\u00e9 cr\u00e9\u00e9e le 21 septembre 2006, \u00e0 Lys-lez-Lannoy, sous l\u2019impulsion de quelques Nordistes passionn\u00e9s de danse et de musique de l\u2019ex-Yougoslavie. Leur troupe lyssoise<strong> \u00ab Sumadija \u00bb<\/strong> s\u2019\u00e9tait produite, le 2 novembre 2002, en pr\u00e9sence du maire de la ville <strong>d\u2019Orchies <\/strong>qui accueillait pour la circonstance l\u2019ambassadeur de la r\u00e9publique f\u00e9d\u00e9rale de Yougoslavie <strong>Monsieur Radomir Diklic<\/strong>. L\u2019objectif de l\u2019association : cr\u00e9er un trait d\u2019union entre deux traditions : celle de la danse traditionnelle omnipr\u00e9sente en <strong>Yougoslavie <\/strong>et celle du g\u00e9ant de d\u00e9fil\u00e9 qui fait la fiert\u00e9 du nord de la France.<\/p>\n\n\n\n<p>L\u2019association entreprend donc la cr\u00e9ation d\u2019une <strong>g\u00e9ante <\/strong>qui repr\u00e9sente la danseuse d\u2019un ballet traditionnel de Serbie. La g\u00e9ante s\u2019appellera <strong>Bela Rada<\/strong>, \u00ab Blanche Marguerite \u00bb en fran\u00e7ais, du nom d\u2019une danse et d\u2019une chanson tr\u00e8s populaires en <strong>Serbie<\/strong>.<\/p>\n\n\n\n<p><strong>D\u00e8s le 11 octobre 2006<\/strong>, commence alors, par les membres, la cr\u00e9ation du premier costume, celui de la <strong>\u0160umadija<\/strong>, belle r\u00e9gion du c\u0153ur de la Serbie. Sa confection durera 21 mois ! Prise au jeu, l&rsquo;\u00e9quipe met en chantier d\u00e8s la fin 2007 deux nouveaux costumes : celui de la <strong>Ma\u010dva <\/strong>et celui de <strong>Vla\u0161ke<\/strong>. Pour ce dernier, la cr\u00e9ation des broderies s\u2019\u00e9talera sur plus de deux ann\u00e9es. Suivra un quatri\u00e8me costume de <strong>Bunjeva\u010dke <\/strong>puis, \u00e0 l\u2019occasion du 10\u00e8me anniversaire de la g\u00e9ante, celui de <strong>\u0160opske<\/strong>.<\/p>\n\n\n\n<p>La cr\u00e9ation de ces cinq costumes qui dura plus de cinq ann\u00e9es font de <strong>Bela Rada<\/strong> l\u2019une des g\u00e9antes les plus ouvrag\u00e9es qui soit.<\/p>\n","protected":false},"excerpt":{"rendered":"<p>L\u2019association a \u00e9t\u00e9 cr\u00e9\u00e9e le 21 septembre 2006, \u00e0 Lys-lez-Lannoy, sous l\u2019impulsion de quelques Nordistes passionn\u00e9s de danse et de musique de l\u2019ex-Yougoslavie. Leur troupe lyssoise \u00ab Sumadija \u00bb s\u2019\u00e9tait produite, le 2 novembre 2002, en pr\u00e9sence du maire de la ville d\u2019Orchies qui accueillait pour la circonstance l\u2019ambassadeur de la r\u00e9publique f\u00e9d\u00e9rale de Yougoslavie [&hellip;]<\/p>\n","protected":false},"author":1,"featured_media":0,"parent":0,"menu_order":0,"comment_status":"closed","ping_status":"closed","template":"","meta":{"footnotes":""},"class_list":["post-393","page","type-page","status-publish","hentry"],"_links":{"self":[{"href":"https:\/\/geantebelarada.fr\/index.php\/wp-json\/wp\/v2\/pages\/393","targetHints":{"allow":["GET"]}}],"collection":[{"href":"https:\/\/geantebelarada.fr\/index.php\/wp-json\/wp\/v2\/pages"}],"about":[{"href":"https:\/\/geantebelarada.fr\/index.php\/wp-json\/wp\/v2\/types\/page"}],"author":[{"embeddable":true,"href":"https:\/\/geantebelarada.fr\/index.php\/wp-json\/wp\/v2\/users\/1"}],"replies":[{"embeddable":true,"href":"https:\/\/geantebelarada.fr\/index.php\/wp-json\/wp\/v2\/comments?post=393"}],"version-history":[{"count":1,"href":"https:\/\/geantebelarada.fr\/index.php\/wp-json\/wp\/v2\/pages\/393\/revisions"}],"predecessor-version":[{"id":396,"href":"https:\/\/geantebelarada.fr\/index.php\/wp-json\/wp\/v2\/pages\/393\/revisions\/396"}],"wp:attachment":[{"href":"https:\/\/geantebelarada.fr\/index.php\/wp-json\/wp\/v2\/media?parent=393"}],"curies":[{"name":"wp","href":"https:\/\/api.w.org\/{rel}","templated":true}]}}