{"id":289,"date":"2023-05-05T15:14:02","date_gmt":"2023-05-05T13:14:02","guid":{"rendered":"http:\/\/geantebelarada.fr\/?page_id=289"},"modified":"2025-04-04T10:55:33","modified_gmt":"2025-04-04T08:55:33","slug":"sopske","status":"publish","type":"page","link":"https:\/\/geantebelarada.fr\/index.php\/nos-geants\/sopske\/","title":{"rendered":"\u0160opske"},"content":{"rendered":"\n<p class=\"has-text-align-center\">Lire : Chopsk\u00e9<\/p>\n\n\n\n<figure class=\"wp-block-image size-large\"><img loading=\"lazy\" decoding=\"async\" width=\"746\" height=\"1024\" src=\"http:\/\/geantebelarada.fr\/wp-content\/uploads\/2023\/03\/278674743_5242064602491995_3620680273336749702_n-746x1024.jpg\" alt=\"\" class=\"wp-image-105\" srcset=\"https:\/\/geantebelarada.fr\/wp-content\/uploads\/2023\/03\/278674743_5242064602491995_3620680273336749702_n-746x1024.jpg 746w, https:\/\/geantebelarada.fr\/wp-content\/uploads\/2023\/03\/278674743_5242064602491995_3620680273336749702_n-218x300.jpg 218w, https:\/\/geantebelarada.fr\/wp-content\/uploads\/2023\/03\/278674743_5242064602491995_3620680273336749702_n-768x1055.jpg 768w, https:\/\/geantebelarada.fr\/wp-content\/uploads\/2023\/03\/278674743_5242064602491995_3620680273336749702_n.jpg 1002w\" sizes=\"auto, (max-width: 746px) 100vw, 746px\" \/><\/figure>\n\n\n\n<p>Il manquait \u00e0 Bela Rada un costume du sud de la Serbie La communaut\u00e9 \u0160opluk est implant\u00e9e en grande partie \u00e0 l\u2019ouest de la Bulgarie dont elle refl\u00e8te fortement les influences culturelles, notamment vestimentaires Elle s\u2019est \u00e9tendue un tout petit peu en Gr\u00e8ce, en r\u00e9publique de Mac\u00e9doine mais aussi au sud-est de la Serbie dans la r\u00e9gion de la Ni\u0161ava. On retrouve dans toutes ces r\u00e9gions des variantes du costume que porte Bela Rada.<\/p>\n\n\n\n<figure class=\"wp-block-embed is-type-video is-provider-youtube wp-block-embed-youtube wp-embed-aspect-16-9 wp-has-aspect-ratio\"><div class=\"wp-block-embed__wrapper\">\n<iframe loading=\"lazy\" title=\"Serbian folk dance: \u0160opske igre\" width=\"580\" height=\"326\" src=\"https:\/\/www.youtube.com\/embed\/fnGnR-c2Fr8?feature=oembed\" frameborder=\"0\" allow=\"accelerometer; autoplay; clipboard-write; encrypted-media; gyroscope; picture-in-picture; web-share\" referrerpolicy=\"strict-origin-when-cross-origin\" allowfullscreen><\/iframe>\n<\/div><\/figure>\n","protected":false},"excerpt":{"rendered":"<p>Lire : Chopsk\u00e9 Il manquait \u00e0 Bela Rada un costume du sud de la Serbie La communaut\u00e9 \u0160opluk est implant\u00e9e en grande partie \u00e0 l\u2019ouest de la Bulgarie dont elle refl\u00e8te fortement les influences culturelles, notamment vestimentaires Elle s\u2019est \u00e9tendue un tout petit peu en Gr\u00e8ce, en r\u00e9publique de Mac\u00e9doine mais aussi au sud-est de [&hellip;]<\/p>\n","protected":false},"author":1,"featured_media":0,"parent":124,"menu_order":0,"comment_status":"closed","ping_status":"closed","template":"","meta":{"footnotes":""},"class_list":["post-289","page","type-page","status-publish","hentry"],"_links":{"self":[{"href":"https:\/\/geantebelarada.fr\/index.php\/wp-json\/wp\/v2\/pages\/289","targetHints":{"allow":["GET"]}}],"collection":[{"href":"https:\/\/geantebelarada.fr\/index.php\/wp-json\/wp\/v2\/pages"}],"about":[{"href":"https:\/\/geantebelarada.fr\/index.php\/wp-json\/wp\/v2\/types\/page"}],"author":[{"embeddable":true,"href":"https:\/\/geantebelarada.fr\/index.php\/wp-json\/wp\/v2\/users\/1"}],"replies":[{"embeddable":true,"href":"https:\/\/geantebelarada.fr\/index.php\/wp-json\/wp\/v2\/comments?post=289"}],"version-history":[{"count":4,"href":"https:\/\/geantebelarada.fr\/index.php\/wp-json\/wp\/v2\/pages\/289\/revisions"}],"predecessor-version":[{"id":304,"href":"https:\/\/geantebelarada.fr\/index.php\/wp-json\/wp\/v2\/pages\/289\/revisions\/304"}],"up":[{"embeddable":true,"href":"https:\/\/geantebelarada.fr\/index.php\/wp-json\/wp\/v2\/pages\/124"}],"wp:attachment":[{"href":"https:\/\/geantebelarada.fr\/index.php\/wp-json\/wp\/v2\/media?parent=289"}],"curies":[{"name":"wp","href":"https:\/\/api.w.org\/{rel}","templated":true}]}}