{"id":287,"date":"2023-05-05T15:13:26","date_gmt":"2023-05-05T13:13:26","guid":{"rendered":"http:\/\/geantebelarada.fr\/?page_id=287"},"modified":"2025-04-04T10:55:33","modified_gmt":"2025-04-04T08:55:33","slug":"vlaske","status":"publish","type":"page","link":"https:\/\/geantebelarada.fr\/index.php\/nos-geants\/vlaske\/","title":{"rendered":"Vla\u0161ke"},"content":{"rendered":"\n<p class=\"has-text-align-center\">Lire : Vlachk\u00e9<\/p>\n\n\n\n<figure class=\"wp-block-image size-full\"><img loading=\"lazy\" decoding=\"async\" width=\"532\" height=\"800\" src=\"http:\/\/geantebelarada.fr\/wp-content\/uploads\/2023\/03\/18268273_1491922087506284_678424580651554632_n-1.jpg\" alt=\"\" class=\"wp-image-102\" srcset=\"https:\/\/geantebelarada.fr\/wp-content\/uploads\/2023\/03\/18268273_1491922087506284_678424580651554632_n-1.jpg 532w, https:\/\/geantebelarada.fr\/wp-content\/uploads\/2023\/03\/18268273_1491922087506284_678424580651554632_n-1-200x300.jpg 200w\" sizes=\"auto, (max-width: 532px) 100vw, 532px\" \/><\/figure>\n\n\n\n<p>Les Valaques d\u00e9signent les Serbes roumanophones, principalement dans le centre est du pays le long des fronti\u00e8res avec la Bulgarie et la Roumanie.<\/p>\n\n\n\n<p>Le costume de Vla\u0161ke a \u00e9t\u00e9 mis en chantier d\u00e8s 2008, il a n\u00e9cessit\u00e9 plus de travail que celui de \u0160umadija. La blouse, la ceinture et les deux tabliers \u00e0 franges sont des pi\u00e8ces exceptionnelles. La particularit\u00e9 du costume valaque r\u00e9side dans le caract\u00e8re g\u00e9om\u00e9trique des motifs tr\u00e8s color\u00e9s. Bela Rada porte \u00e9galement le haut foulard jaune rehauss\u00e9 d&rsquo;une plume de paon, qui lui donne une allure fort diff\u00e9rente de celle de \u0160umadija.<\/p>\n\n\n\n<figure class=\"wp-block-embed is-type-video is-provider-youtube wp-block-embed-youtube wp-embed-aspect-16-9 wp-has-aspect-ratio\"><div class=\"wp-block-embed__wrapper\">\n<iframe loading=\"lazy\" title=\"Kud Branko Cvetkovic - Vla\u0161ke igre iz okoline Boljevca - Malm\u00f6 2013\" width=\"580\" height=\"326\" src=\"https:\/\/www.youtube.com\/embed\/DChPBq0yFA8?feature=oembed\" frameborder=\"0\" allow=\"accelerometer; autoplay; clipboard-write; encrypted-media; gyroscope; picture-in-picture; web-share\" referrerpolicy=\"strict-origin-when-cross-origin\" allowfullscreen><\/iframe>\n<\/div><\/figure>\n","protected":false},"excerpt":{"rendered":"<p>Lire : Vlachk\u00e9 Les Valaques d\u00e9signent les Serbes roumanophones, principalement dans le centre est du pays le long des fronti\u00e8res avec la Bulgarie et la Roumanie. Le costume de Vla\u0161ke a \u00e9t\u00e9 mis en chantier d\u00e8s 2008, il a n\u00e9cessit\u00e9 plus de travail que celui de \u0160umadija. La blouse, la ceinture et les deux tabliers [&hellip;]<\/p>\n","protected":false},"author":1,"featured_media":0,"parent":124,"menu_order":0,"comment_status":"closed","ping_status":"closed","template":"","meta":{"footnotes":""},"class_list":["post-287","page","type-page","status-publish","hentry"],"_links":{"self":[{"href":"https:\/\/geantebelarada.fr\/index.php\/wp-json\/wp\/v2\/pages\/287","targetHints":{"allow":["GET"]}}],"collection":[{"href":"https:\/\/geantebelarada.fr\/index.php\/wp-json\/wp\/v2\/pages"}],"about":[{"href":"https:\/\/geantebelarada.fr\/index.php\/wp-json\/wp\/v2\/types\/page"}],"author":[{"embeddable":true,"href":"https:\/\/geantebelarada.fr\/index.php\/wp-json\/wp\/v2\/users\/1"}],"replies":[{"embeddable":true,"href":"https:\/\/geantebelarada.fr\/index.php\/wp-json\/wp\/v2\/comments?post=287"}],"version-history":[{"count":5,"href":"https:\/\/geantebelarada.fr\/index.php\/wp-json\/wp\/v2\/pages\/287\/revisions"}],"predecessor-version":[{"id":309,"href":"https:\/\/geantebelarada.fr\/index.php\/wp-json\/wp\/v2\/pages\/287\/revisions\/309"}],"up":[{"embeddable":true,"href":"https:\/\/geantebelarada.fr\/index.php\/wp-json\/wp\/v2\/pages\/124"}],"wp:attachment":[{"href":"https:\/\/geantebelarada.fr\/index.php\/wp-json\/wp\/v2\/media?parent=287"}],"curies":[{"name":"wp","href":"https:\/\/api.w.org\/{rel}","templated":true}]}}