{"id":285,"date":"2023-05-05T15:13:12","date_gmt":"2023-05-05T13:13:12","guid":{"rendered":"http:\/\/geantebelarada.fr\/?page_id=285"},"modified":"2025-04-04T10:55:33","modified_gmt":"2025-04-04T08:55:33","slug":"bunjevacke","status":"publish","type":"page","link":"https:\/\/geantebelarada.fr\/index.php\/nos-geants\/bunjevacke\/","title":{"rendered":"Bunjeva\u010dke"},"content":{"rendered":"\n<p class=\"has-text-align-center\">Lire : Bougn\u00e9vachk\u00e9<\/p>\n\n\n\n<figure class=\"wp-block-image size-full\"><img loading=\"lazy\" decoding=\"async\" width=\"600\" height=\"800\" src=\"http:\/\/geantebelarada.fr\/wp-content\/uploads\/2023\/03\/18222407_1491922127506280_2677381325816201327_n.jpg\" alt=\"\" class=\"wp-image-97\" srcset=\"https:\/\/geantebelarada.fr\/wp-content\/uploads\/2023\/03\/18222407_1491922127506280_2677381325816201327_n.jpg 600w, https:\/\/geantebelarada.fr\/wp-content\/uploads\/2023\/03\/18222407_1491922127506280_2677381325816201327_n-225x300.jpg 225w\" sizes=\"auto, (max-width: 600px) 100vw, 600px\" \/><\/figure>\n\n\n\n<p>Les Bunjevci (lire \u00ab Bougn\u00e9vtsi \u00bb), sont un groupe ethnique slave m\u00e9ridional reconnu comme minorit\u00e9 ethnique en Vo\u00efvodine (Serbie) et Hongrie. En Croatie les Bunjevci sont consid\u00e9r\u00e9s et se consid\u00e8rent comme une composante du peuple croate, partageant avec ces derniers de nombreuses caract\u00e9ristiques notamment la religion catholique et ne revendiquant qu&rsquo;un particularisme r\u00e9gional (Wikipedia).<\/p>\n\n\n\n<p>Ce costume, est tr\u00e8s impr\u00e9gn\u00e9 de la culture Austro-hongroise du 19\u00e8me si\u00e8cle. Il est remarquable par l&rsquo;utilisation, pour la confection de la jupe, du tablier et du bol\u00e9ro, d&rsquo;une m\u00eame \u00e9toffe \u00e0 motifs floraux plus ou moins stylis\u00e9s. Le tout est ornement\u00e9 de tr\u00e8s larges galons dor\u00e9s. Une ceinture largement nou\u00e9e vient compl\u00e9ter cet ensemble.<\/p>\n\n\n\n<figure class=\"wp-block-embed is-type-video is-provider-youtube wp-block-embed-youtube wp-embed-aspect-4-3 wp-has-aspect-ratio\"><div class=\"wp-block-embed__wrapper\">\n<iframe loading=\"lazy\" title=\"KUD MOSLAVINA KUTINA - CROATIA - BUNJEVAC\" width=\"580\" height=\"435\" src=\"https:\/\/www.youtube.com\/embed\/Eh4D5HlaoXw?feature=oembed\" frameborder=\"0\" allow=\"accelerometer; autoplay; clipboard-write; encrypted-media; gyroscope; picture-in-picture; web-share\" referrerpolicy=\"strict-origin-when-cross-origin\" allowfullscreen><\/iframe>\n<\/div><\/figure>\n","protected":false},"excerpt":{"rendered":"<p>Lire : Bougn\u00e9vachk\u00e9 Les Bunjevci (lire \u00ab Bougn\u00e9vtsi \u00bb), sont un groupe ethnique slave m\u00e9ridional reconnu comme minorit\u00e9 ethnique en Vo\u00efvodine (Serbie) et Hongrie. En Croatie les Bunjevci sont consid\u00e9r\u00e9s et se consid\u00e8rent comme une composante du peuple croate, partageant avec ces derniers de nombreuses caract\u00e9ristiques notamment la religion catholique et ne revendiquant qu&rsquo;un particularisme [&hellip;]<\/p>\n","protected":false},"author":1,"featured_media":0,"parent":124,"menu_order":0,"comment_status":"closed","ping_status":"closed","template":"","meta":{"footnotes":""},"class_list":["post-285","page","type-page","status-publish","hentry"],"_links":{"self":[{"href":"https:\/\/geantebelarada.fr\/index.php\/wp-json\/wp\/v2\/pages\/285","targetHints":{"allow":["GET"]}}],"collection":[{"href":"https:\/\/geantebelarada.fr\/index.php\/wp-json\/wp\/v2\/pages"}],"about":[{"href":"https:\/\/geantebelarada.fr\/index.php\/wp-json\/wp\/v2\/types\/page"}],"author":[{"embeddable":true,"href":"https:\/\/geantebelarada.fr\/index.php\/wp-json\/wp\/v2\/users\/1"}],"replies":[{"embeddable":true,"href":"https:\/\/geantebelarada.fr\/index.php\/wp-json\/wp\/v2\/comments?post=285"}],"version-history":[{"count":4,"href":"https:\/\/geantebelarada.fr\/index.php\/wp-json\/wp\/v2\/pages\/285\/revisions"}],"predecessor-version":[{"id":321,"href":"https:\/\/geantebelarada.fr\/index.php\/wp-json\/wp\/v2\/pages\/285\/revisions\/321"}],"up":[{"embeddable":true,"href":"https:\/\/geantebelarada.fr\/index.php\/wp-json\/wp\/v2\/pages\/124"}],"wp:attachment":[{"href":"https:\/\/geantebelarada.fr\/index.php\/wp-json\/wp\/v2\/media?parent=285"}],"curies":[{"name":"wp","href":"https:\/\/api.w.org\/{rel}","templated":true}]}}