{"id":283,"date":"2023-05-05T15:12:48","date_gmt":"2023-05-05T13:12:48","guid":{"rendered":"http:\/\/geantebelarada.fr\/?page_id=283"},"modified":"2025-04-04T10:55:33","modified_gmt":"2025-04-04T08:55:33","slug":"macva","status":"publish","type":"page","link":"https:\/\/geantebelarada.fr\/index.php\/nos-geants\/macva\/","title":{"rendered":"Ma\u010dva"},"content":{"rendered":"\n<p class=\"has-text-align-center\">Lire : Machva [mat\u0283va]<\/p>\n\n\n\n<figure class=\"wp-block-image size-full\"><img loading=\"lazy\" decoding=\"async\" width=\"565\" height=\"800\" src=\"http:\/\/geantebelarada.fr\/wp-content\/uploads\/2023\/03\/18199109_1491922100839616_6754065161304106282_n-1.jpg\" alt=\"\" class=\"wp-image-99\" srcset=\"https:\/\/geantebelarada.fr\/wp-content\/uploads\/2023\/03\/18199109_1491922100839616_6754065161304106282_n-1.jpg 565w, https:\/\/geantebelarada.fr\/wp-content\/uploads\/2023\/03\/18199109_1491922100839616_6754065161304106282_n-1-212x300.jpg 212w\" sizes=\"auto, (max-width: 565px) 100vw, 565px\" \/><\/figure>\n\n\n\n<p>La r\u00e9gion de <strong>Ma\u010dva<\/strong>, est situ\u00e9 \u00e0 l\u2019Ouest de la Serbie. Le centre administratif en est la ville de <strong>\u0160abac<\/strong>. La r\u00e9gion comporte des monuments c\u00e9l\u00e8bres ; certains sont d\u00e9di\u00e9s aux \u00e9v\u00e9nements de l\u2019histoire du peuple serbe, comme celui en l\u2019honneur de Karageorges et des H\u00e9ros de la premi\u00e8re r\u00e9volte contre les Turcs ou le Mus\u00e9e de la bataille de Mi\u0161ar ; mais on y trouve aussi le palais du roi Stefan Milutin et la forteresse m\u00e9di\u00e9vale du mont Cer.<\/p>\n\n\n\n<p>Le costume de <strong>Ma\u010dva <\/strong>est une d\u00e9clinaison de celui de \u0160umadija. Deux tabliers ray\u00e9s (devant et derri\u00e8re) viennent directement sur le jupon blanc brod\u00e9 qui se retrouve mis en valeur. Un foulard blanc remont\u00e9 sur la nuque. Le bol\u00e9ro (jelek) peut dispara\u00eetre et Bela Rada craindra ainsi beaucoup moins les intemp\u00e9ries\u2026<br><\/p>\n\n\n\n<figure class=\"wp-block-embed is-type-video is-provider-youtube wp-block-embed-youtube wp-embed-aspect-16-9 wp-has-aspect-ratio\"><div class=\"wp-block-embed__wrapper\">\n<iframe loading=\"lazy\" title=\"Serbian Folk Dance &quot;Ma\u010dva&quot; by SFE Kolo \u2022 \u0421\u0424A \u041a\u043e\u043b\u043e - &quot;\u041c\u0430\u0447\u0432\u0430&quot;\" width=\"580\" height=\"326\" src=\"https:\/\/www.youtube.com\/embed\/rWmPSgUv8Ig?feature=oembed\" frameborder=\"0\" allow=\"accelerometer; autoplay; clipboard-write; encrypted-media; gyroscope; picture-in-picture; web-share\" referrerpolicy=\"strict-origin-when-cross-origin\" allowfullscreen><\/iframe>\n<\/div><\/figure>\n","protected":false},"excerpt":{"rendered":"<p>Lire : Machva [mat\u0283va] La r\u00e9gion de Ma\u010dva, est situ\u00e9 \u00e0 l\u2019Ouest de la Serbie. Le centre administratif en est la ville de \u0160abac. La r\u00e9gion comporte des monuments c\u00e9l\u00e8bres ; certains sont d\u00e9di\u00e9s aux \u00e9v\u00e9nements de l\u2019histoire du peuple serbe, comme celui en l\u2019honneur de Karageorges et des H\u00e9ros de la premi\u00e8re r\u00e9volte contre [&hellip;]<\/p>\n","protected":false},"author":1,"featured_media":0,"parent":124,"menu_order":0,"comment_status":"closed","ping_status":"closed","template":"","meta":{"footnotes":""},"class_list":["post-283","page","type-page","status-publish","hentry"],"_links":{"self":[{"href":"https:\/\/geantebelarada.fr\/index.php\/wp-json\/wp\/v2\/pages\/283","targetHints":{"allow":["GET"]}}],"collection":[{"href":"https:\/\/geantebelarada.fr\/index.php\/wp-json\/wp\/v2\/pages"}],"about":[{"href":"https:\/\/geantebelarada.fr\/index.php\/wp-json\/wp\/v2\/types\/page"}],"author":[{"embeddable":true,"href":"https:\/\/geantebelarada.fr\/index.php\/wp-json\/wp\/v2\/users\/1"}],"replies":[{"embeddable":true,"href":"https:\/\/geantebelarada.fr\/index.php\/wp-json\/wp\/v2\/comments?post=283"}],"version-history":[{"count":6,"href":"https:\/\/geantebelarada.fr\/index.php\/wp-json\/wp\/v2\/pages\/283\/revisions"}],"predecessor-version":[{"id":310,"href":"https:\/\/geantebelarada.fr\/index.php\/wp-json\/wp\/v2\/pages\/283\/revisions\/310"}],"up":[{"embeddable":true,"href":"https:\/\/geantebelarada.fr\/index.php\/wp-json\/wp\/v2\/pages\/124"}],"wp:attachment":[{"href":"https:\/\/geantebelarada.fr\/index.php\/wp-json\/wp\/v2\/media?parent=283"}],"curies":[{"name":"wp","href":"https:\/\/api.w.org\/{rel}","templated":true}]}}