{"id":274,"date":"2023-05-04T13:43:34","date_gmt":"2023-05-04T11:43:34","guid":{"rendered":"http:\/\/geantebelarada.fr\/?page_id=274"},"modified":"2025-04-04T10:55:33","modified_gmt":"2025-04-04T08:55:33","slug":"sumadija","status":"publish","type":"page","link":"https:\/\/geantebelarada.fr\/index.php\/nos-geants\/sumadija\/","title":{"rendered":"\u0160umadija"},"content":{"rendered":"\n<p class=\"has-text-align-center has-large-font-size\">Lire : choumadiya [\u0283u:ma\u0284ia]<\/p>\n\n\n<div class=\"wp-block-image\">\n<figure class=\"aligncenter size-large is-resized\"><img loading=\"lazy\" decoding=\"async\" src=\"http:\/\/geantebelarada.fr\/wp-content\/uploads\/2023\/05\/bela-rada-SUMADIJA-681x1024.jpg\" alt=\"\" class=\"wp-image-276\" width=\"367\" height=\"551\" srcset=\"https:\/\/geantebelarada.fr\/wp-content\/uploads\/2023\/05\/bela-rada-SUMADIJA-681x1024.jpg 681w, https:\/\/geantebelarada.fr\/wp-content\/uploads\/2023\/05\/bela-rada-SUMADIJA-200x300.jpg 200w, https:\/\/geantebelarada.fr\/wp-content\/uploads\/2023\/05\/bela-rada-SUMADIJA-768x1155.jpg 768w, https:\/\/geantebelarada.fr\/wp-content\/uploads\/2023\/05\/bela-rada-SUMADIJA-1022x1536.jpg 1022w, https:\/\/geantebelarada.fr\/wp-content\/uploads\/2023\/05\/bela-rada-SUMADIJA-1362x2048.jpg 1362w, https:\/\/geantebelarada.fr\/wp-content\/uploads\/2023\/05\/bela-rada-SUMADIJA-1200x1804.jpg 1200w, https:\/\/geantebelarada.fr\/wp-content\/uploads\/2023\/05\/bela-rada-SUMADIJA.jpg 1476w\" sizes=\"auto, (max-width: 367px) 100vw, 367px\" \/><\/figure>\n<\/div>\n\n\n<p>La \u0160umadija, parfois appel\u00e9e \u00ab\u00a0Choumadie\u00a0\u00bb en fran\u00e7ais, \u00e9tait autrefois couverte de for\u00eats denses ; son nom provient d&rsquo;ailleurs du mot serbe \u0161uma qui d\u00e9signe \u00ab\u00a0la for\u00eat\u00a0\u00bb. La r\u00e9gion qui s&rsquo;\u00e9tend au sud de Belgrade fut, au 19\u00e8me si\u00e8cle, le berceau du soul\u00e8vement contre les Turcs qui mit fin \u00e0 cinq si\u00e8cles d&rsquo;occupation.<\/p>\n\n\n\n<p>La ville de Kragujevac, premi\u00e8re capitale de la Principaut\u00e9 de Serbie jusqu&rsquo;en 1841, a \u00e9t\u00e9 et demeure un centre culturel et intellectuel r\u00e9put\u00e9. Elle fut une ville martyre lors de la seconde guerre mondiale.<\/p>\n\n\n\n<p>Le costume de la \u0160umadija, r\u00e9gion consid\u00e9r\u00e9e comme le c\u0153ur de la Serbie, reste pour toutes ces raisons le plus repr\u00e9sentatif des cinq costumes de Bela Rada.<\/p>\n\n\n\n<p><\/p>\n\n\n\n<figure class=\"wp-block-embed is-type-video is-provider-youtube wp-block-embed-youtube wp-embed-aspect-16-9 wp-has-aspect-ratio\"><div class=\"wp-block-embed__wrapper\">\n<iframe loading=\"lazy\" title=\"AKUD Lola, \u0160umadija\" width=\"580\" height=\"326\" src=\"https:\/\/www.youtube.com\/embed\/KMo21PSsw5E?feature=oembed\" frameborder=\"0\" allow=\"accelerometer; autoplay; clipboard-write; encrypted-media; gyroscope; picture-in-picture; web-share\" referrerpolicy=\"strict-origin-when-cross-origin\" allowfullscreen><\/iframe>\n<\/div><\/figure>\n","protected":false},"excerpt":{"rendered":"<p>Lire : choumadiya [\u0283u:ma\u0284ia] La \u0160umadija, parfois appel\u00e9e \u00ab\u00a0Choumadie\u00a0\u00bb en fran\u00e7ais, \u00e9tait autrefois couverte de for\u00eats denses ; son nom provient d&rsquo;ailleurs du mot serbe \u0161uma qui d\u00e9signe \u00ab\u00a0la for\u00eat\u00a0\u00bb. La r\u00e9gion qui s&rsquo;\u00e9tend au sud de Belgrade fut, au 19\u00e8me si\u00e8cle, le berceau du soul\u00e8vement contre les Turcs qui mit fin \u00e0 cinq si\u00e8cles [&hellip;]<\/p>\n","protected":false},"author":3,"featured_media":0,"parent":124,"menu_order":0,"comment_status":"closed","ping_status":"closed","template":"","meta":{"footnotes":""},"class_list":["post-274","page","type-page","status-publish","hentry"],"_links":{"self":[{"href":"https:\/\/geantebelarada.fr\/index.php\/wp-json\/wp\/v2\/pages\/274","targetHints":{"allow":["GET"]}}],"collection":[{"href":"https:\/\/geantebelarada.fr\/index.php\/wp-json\/wp\/v2\/pages"}],"about":[{"href":"https:\/\/geantebelarada.fr\/index.php\/wp-json\/wp\/v2\/types\/page"}],"author":[{"embeddable":true,"href":"https:\/\/geantebelarada.fr\/index.php\/wp-json\/wp\/v2\/users\/3"}],"replies":[{"embeddable":true,"href":"https:\/\/geantebelarada.fr\/index.php\/wp-json\/wp\/v2\/comments?post=274"}],"version-history":[{"count":5,"href":"https:\/\/geantebelarada.fr\/index.php\/wp-json\/wp\/v2\/pages\/274\/revisions"}],"predecessor-version":[{"id":306,"href":"https:\/\/geantebelarada.fr\/index.php\/wp-json\/wp\/v2\/pages\/274\/revisions\/306"}],"up":[{"embeddable":true,"href":"https:\/\/geantebelarada.fr\/index.php\/wp-json\/wp\/v2\/pages\/124"}],"wp:attachment":[{"href":"https:\/\/geantebelarada.fr\/index.php\/wp-json\/wp\/v2\/media?parent=274"}],"curies":[{"name":"wp","href":"https:\/\/api.w.org\/{rel}","templated":true}]}}